{"id":30,"date":"2016-09-26T10:46:57","date_gmt":"2016-09-26T10:46:57","guid":{"rendered":"http:\/\/127.0.0.1\/wordpress\/?page_id=30"},"modified":"2026-03-30T06:03:38","modified_gmt":"2026-03-30T06:03:38","slug":"pocetna","status":"publish","type":"page","link":"https:\/\/zajecarparking.co.rs\/","title":{"rendered":"Po\u010detna"},"content":{"rendered":"\n<h2 class=\"wp-block-heading has-text-align-center has-vivid-cyan-blue-color has-text-color\">Obave\u0161tenja<\/h2>\n\n\n\n<div class=\"wp-block-group\"><div class=\"wp-block-group__inner-container is-layout-flow wp-block-group-is-layout-flow\">\n<div class=\"wp-block-media-text alignwide is-stacked-on-mobile is-vertically-aligned-center\" style=\"grid-template-columns:21% auto\"><figure class=\"wp-block-media-text__media\"><a href=\"https:\/\/portal.parkingns.rs\/ppk\"><img loading=\"lazy\" decoding=\"async\" width=\"668\" height=\"386\" src=\"https:\/\/zajecarparking.co.rs\/wp-content\/uploads\/2025\/11\/Screenshot-from-2025-11-20-11-17-27.png\" alt=\"\" class=\"wp-image-756 size-full\" srcset=\"https:\/\/zajecarparking.co.rs\/wp-content\/uploads\/2025\/11\/Screenshot-from-2025-11-20-11-17-27.png 668w, https:\/\/zajecarparking.co.rs\/wp-content\/uploads\/2025\/11\/Screenshot-from-2025-11-20-11-17-27-300x173.png 300w\" sizes=\"auto, (max-width: 668px) 100vw, 668px\" \/><\/a><\/figure><div class=\"wp-block-media-text__content\">\n<p class=\"has-text-align-left has-vivid-cyan-blue-color has-text-color has-link-color wp-elements-acc1ce285496a0b2d37ec5559a61a1d5\" style=\"font-size:15px\"><a href=\"https:\/\/portal.parkingns.rs\/ppk\" data-type=\"link\" data-id=\"https:\/\/portal.parkingns.rs\/ppk\"><strong><em>Proverite da li je za va\u0161e vozilo izdata posebna dnevna karta za parkiranje. <\/em><\/strong><\/a><\/p>\n<\/div><\/div>\n\n\n\n<hr class=\"wp-block-separator has-alpha-channel-opacity is-style-dots\"\/>\n\n\n\n<div class=\"wp-block-media-text is-stacked-on-mobile\" style=\"grid-template-columns:21% auto\"><figure class=\"wp-block-media-text__media\"><img loading=\"lazy\" decoding=\"async\" width=\"230\" height=\"200\" src=\"http:\/\/zajecarparking.co.rs\/wp-content\/uploads\/2016\/09\/smsparking.jpg\" alt=\"\" class=\"wp-image-47 size-full\" srcset=\"https:\/\/zajecarparking.co.rs\/wp-content\/uploads\/2016\/09\/smsparking.jpg 230w, https:\/\/zajecarparking.co.rs\/wp-content\/uploads\/2016\/09\/smsparking-50x43.jpg 50w\" sizes=\"auto, (max-width: 230px) 100vw, 230px\" \/><\/figure><div class=\"wp-block-media-text__content\">\n<p class=\"has-vivid-cyan-blue-color has-text-color has-link-color wp-elements-0574d9c4bab300515ffa79b47702b202\">Obave\u0161tavamo vas da \u0107e usled pove\u0107anja tro\u0161kova poslovanja od 1. aprila 2026. godine cene usluga kori\u0161\u0107enja javnih parkirali\u0161ta biti korigovane.<\/p>\n\n\n\n<p class=\"has-vivid-cyan-blue-color has-text-color has-link-color wp-elements-dd0ab5683a4db23be35fdfa15c5f40ed\">Novi cenovnik kori\u0161\u0107enja javnih parkirali\u0161ta i uklanjanja nepropisno parkiranih vozila na teritoriji Grada Zaje\u010dara mo\u017eete pogledati na slede\u0107em <strong><em><a href=\"https:\/\/zajecarparking.co.rs\/?page_id=188\" data-type=\"page\" data-id=\"188\">linku<\/a><\/em><\/strong>.<\/p>\n<\/div><\/div>\n\n\n\n<hr class=\"wp-block-separator has-alpha-channel-opacity is-style-dots\"\/>\n\n\n\n<div class=\"wp-block-media-text alignwide is-stacked-on-mobile is-vertically-aligned-center\" style=\"grid-template-columns:21% auto\"><figure class=\"wp-block-media-text__media\"><img loading=\"lazy\" decoding=\"async\" width=\"1024\" height=\"506\" src=\"http:\/\/zajecarparking.co.rs\/wp-content\/uploads\/2024\/03\/Zajecar-ParkingIII-600x3002-1-transformed-1024x506.jpeg\" alt=\"\" class=\"wp-image-683 size-full\" srcset=\"https:\/\/zajecarparking.co.rs\/wp-content\/uploads\/2024\/03\/Zajecar-ParkingIII-600x3002-1-transformed-1024x506.jpeg 1024w, https:\/\/zajecarparking.co.rs\/wp-content\/uploads\/2024\/03\/Zajecar-ParkingIII-600x3002-1-transformed-300x148.jpeg 300w, https:\/\/zajecarparking.co.rs\/wp-content\/uploads\/2024\/03\/Zajecar-ParkingIII-600x3002-1-transformed-768x379.jpeg 768w, https:\/\/zajecarparking.co.rs\/wp-content\/uploads\/2024\/03\/Zajecar-ParkingIII-600x3002-1-transformed-1536x759.jpeg 1536w, https:\/\/zajecarparking.co.rs\/wp-content\/uploads\/2024\/03\/Zajecar-ParkingIII-600x3002-1-transformed.jpeg 1676w\" sizes=\"auto, (max-width: 1024px) 100vw, 1024px\" \/><\/figure><div class=\"wp-block-media-text__content\">\n<p class=\"has-text-align-left has-vivid-cyan-blue-color has-text-color\" style=\"font-size:15px\">Ulice u zoni III : Nikole Pa\u0161i\u0107a (od ul. Narodne Republike do ul. 7. septembar) , Ivana Milutinovi\u0107a , Svetozara Markovi\u0107a (od ul. Narodne Republike do ul. 7. septembar)<\/p>\n<\/div><\/div>\n\n\n\n<hr class=\"wp-block-separator has-alpha-channel-opacity is-style-dots\"\/>\n\n\n\n<div class=\"wp-block-media-text alignwide is-stacked-on-mobile is-vertically-aligned-center\" style=\"grid-template-columns:21% auto\"><figure class=\"wp-block-media-text__media\"><img loading=\"lazy\" decoding=\"async\" width=\"680\" height=\"484\" src=\"http:\/\/zajecarparking.co.rs\/wp-content\/uploads\/2024\/03\/unnamed-e1652871233895-transformed.png\" alt=\"\" class=\"wp-image-680 size-full\" srcset=\"https:\/\/zajecarparking.co.rs\/wp-content\/uploads\/2024\/03\/unnamed-e1652871233895-transformed.png 680w, https:\/\/zajecarparking.co.rs\/wp-content\/uploads\/2024\/03\/unnamed-e1652871233895-transformed-300x214.png 300w\" sizes=\"auto, (max-width: 680px) 100vw, 680px\" \/><\/figure><div class=\"wp-block-media-text__content\">\n<p class=\"has-vivid-cyan-blue-color has-text-color\" style=\"font-size:15px\">Obave\u0161tavamo vas da na \u0161alterima Uprave za trezor u ul. Dragoslava Srejovi\u0107a br.4 u Zaje\u010daru, Dina karticom mo\u017eete uz niske provizije izmiriti nalog za pla\u0107anje posebne dnevne karte, kao i sve druge obaveze po osnovu javnih prihoda i obaveza prema korisnicima javnih sredstava. Tako\u0111e ovde mo\u017eete izmiriti i ra\u010dune za struju, vodu i sl.Vi\u0161e mo\u017eete pro\u010ditati <a href=\"https:\/\/nbs.rs\/sr_RS\/scripts\/showcontent\/index.html?id=18015\"><strong><em>ovde<\/em><\/strong><\/a>.<\/p>\n<\/div><\/div>\n\n\n\n<hr class=\"wp-block-separator has-alpha-channel-opacity aligncenter is-style-dots\"\/>\n\n\n\n<p><\/p>\n\n\n\n<div class=\"wp-block-media-text alignwide is-stacked-on-mobile is-vertically-aligned-center\" style=\"grid-template-columns:21% auto\"><figure class=\"wp-block-media-text__media\"><img loading=\"lazy\" decoding=\"async\" width=\"170\" height=\"148\" src=\"http:\/\/zajecarparking.co.rs\/wp-content\/uploads\/2016\/09\/kontrolori-e1652871183789.jpg\" alt=\"\" class=\"wp-image-46 size-full\"\/><\/figure><div class=\"wp-block-media-text__content\">\n<p class=\"has-vivid-cyan-blue-color has-text-color\" style=\"font-size:15px\">JKP \u201cParkiranje, projektovanje i nadzor\u201d Zaje\u010dar obave\u0161tava gra\u0111ane da su Re\u0161enjem o odre\u0111ivanju javnih parkirali\u0161ta u gradu Zaje\u010daru (\u201cSl.list grada Zaje\u010dara\u201d, br.6\/22) promenjene zone, tako da ulice Kostadina Kostadinovi\u0107a \u010cau\u0161a, Bo\u017eina Jovanovi\u0107a i Ljube Ne\u0161i\u0107a koje su dosad bile u drugoj (\u017eutoj) zoni, ubudu\u0107e \u0107e pripadati prvoj (crvenoj) zoni tako da \u0107e se kontrola naplate parkiranja vr\u0161iti od 23.03.2022. godine radnim danima u periodu od 07.00 \u2013 21.00 \u010dasova i subotom 07.00 \u2013 15.00 \u010dasova.<br>Po\u010dev od 28.03.2022. godine mese\u010dni pretplatnici iz ovih ulica \u0107e mo\u0107i da koriste mese\u010dne karte u okviru prve (crvene) zone.<\/p>\n<\/div><\/div>\n\n\n\n<hr class=\"wp-block-separator has-alpha-channel-opacity is-style-dots\"\/>\n<\/div><\/div>\n\n\n\n<p>Po\u0161tovani Zaje\u010darci,<\/p>\n\n\n\n<p class=\"has-text-color\" style=\"color:#106042\">JKP &#8220;Parkiranje, projektovanje i nadzor&#8221; Zaje\u010dar je preduze\u0107e osnovano da bi se efikasno re\u0161io problem parkiranja.<\/p>\n\n\n\n<p>\u017divimo u vremenu kada broj vozila prema\u0161uje broj raspolo\u017eivih parking mesta. Kako bi se izbegle gu\u017eve na ulicama i trotoari vratili pe\u0161acima raspolo\u017eivi parking prostor je podeljen na zone i u centralnim gradskim zonama je uvedeno ograni\u010deno vreme parkiranja. Ovaj na\u010din kori\u0161\u0107enja parking prostora omogu\u0107ava da uvek ima slobodnih parking mesta bez ugro\u017eavanja bezbednosti saobra\u0107aja zauze\u0107em povr\u0161ina koje nisu za tu namenu. Na slede\u0107im stranicama poku\u0161a\u0107emo da Vam predstavimo sve mogu\u0107nosti parkiranja u na\u0161em gradu.<\/p>\n","protected":false},"excerpt":{"rendered":"<p>Obave\u0161tenja Proverite da li je za va\u0161e vozilo izdata posebna dnevna karta za parkiranje. Obave\u0161tavamo vas da \u0107e usled pove\u0107anja tro\u0161kova poslovanja od 1. aprila 2026. godine cene usluga kori\u0161\u0107enja javnih parkirali\u0161ta biti korigovane. Novi cenovnik kori\u0161\u0107enja javnih parkirali\u0161ta i uklanjanja nepropisno parkiranih vozila na teritoriji Grada Zaje\u010dara mo\u017eete pogledati na slede\u0107em linku. Ulice u [&hellip;]<\/p>\n","protected":false},"author":1,"featured_media":0,"parent":0,"menu_order":0,"comment_status":"closed","ping_status":"closed","template":"","meta":{"footnotes":""},"class_list":["post-30","page","type-page","status-publish","hentry"],"_links":{"self":[{"href":"https:\/\/zajecarparking.co.rs\/index.php?rest_route=\/wp\/v2\/pages\/30","targetHints":{"allow":["GET"]}}],"collection":[{"href":"https:\/\/zajecarparking.co.rs\/index.php?rest_route=\/wp\/v2\/pages"}],"about":[{"href":"https:\/\/zajecarparking.co.rs\/index.php?rest_route=\/wp\/v2\/types\/page"}],"author":[{"embeddable":true,"href":"https:\/\/zajecarparking.co.rs\/index.php?rest_route=\/wp\/v2\/users\/1"}],"replies":[{"embeddable":true,"href":"https:\/\/zajecarparking.co.rs\/index.php?rest_route=%2Fwp%2Fv2%2Fcomments&post=30"}],"version-history":[{"count":69,"href":"https:\/\/zajecarparking.co.rs\/index.php?rest_route=\/wp\/v2\/pages\/30\/revisions"}],"predecessor-version":[{"id":848,"href":"https:\/\/zajecarparking.co.rs\/index.php?rest_route=\/wp\/v2\/pages\/30\/revisions\/848"}],"wp:attachment":[{"href":"https:\/\/zajecarparking.co.rs\/index.php?rest_route=%2Fwp%2Fv2%2Fmedia&parent=30"}],"curies":[{"name":"wp","href":"https:\/\/api.w.org\/{rel}","templated":true}]}}